{"id":520,"date":"2022-08-01T15:28:57","date_gmt":"2022-08-01T15:28:57","guid":{"rendered":"https:\/\/startertemplatecloud.com\/g58\/?page_id=520"},"modified":"2024-11-01T06:55:18","modified_gmt":"2024-11-01T05:55:18","slug":"about","status":"publish","type":"page","link":"https:\/\/www.texerv.com\/wordpressdev\/about\/","title":{"rendered":"\u00dcber uns"},"content":{"rendered":"<style>.kb-row-layout-id520_be8518-24 > .kt-row-column-wrap{align-content:center;}:where(.kb-row-layout-id520_be8518-24 > .kt-row-column-wrap) > .wp-block-kadence-column{justify-content:center;}.kb-row-layout-id520_be8518-24 > .kt-row-column-wrap{column-gap:var(--global-kb-gap-md, 2rem);row-gap:var(--global-kb-gap-md, 2rem);padding-top:var(--global-kb-spacing-sm, 1.5rem);padding-bottom:var(--global-kb-spacing-xxl, 5rem);grid-template-columns:minmax(0, 2fr) minmax(0, 1fr);}.kb-row-layout-id520_be8518-24{background-image:url('https:\/\/texerv.com\/wordpressdev\/wp-content\/uploads\/2024\/10\/customkey.png');background-size:cover;background-position:50% 34%;background-attachment:scroll;background-repeat:no-repeat;}.kb-row-layout-id520_be8518-24 > .kt-row-layout-overlay{opacity:0.30;}@media all and (max-width: 1024px){.kb-row-layout-id520_be8518-24 > .kt-row-column-wrap{grid-template-columns:minmax(0, 2fr) minmax(0, 1fr);}}@media all and (max-width: 767px){.kb-row-layout-id520_be8518-24 > .kt-row-column-wrap{grid-template-columns:minmax(0, 1fr);}}<\/style><div class=\"kb-row-layout-wrap kb-row-layout-id520_be8518-24 alignnone kt-row-has-bg wp-block-kadence-rowlayout\"><div class=\"kt-row-column-wrap kt-has-2-columns kt-row-layout-left-golden kt-tab-layout-inherit kt-mobile-layout-row kt-row-valign-middle\">\n<style>.kadence-column520_f8e0b7-b5 > .kt-inside-inner-col,.kadence-column520_f8e0b7-b5 > .kt-inside-inner-col:before{border-top-left-radius:0px;border-top-right-radius:0px;border-bottom-right-radius:0px;border-bottom-left-radius:0px;}.kadence-column520_f8e0b7-b5 > .kt-inside-inner-col{column-gap:var(--global-kb-gap-sm, 1rem);}.kadence-column520_f8e0b7-b5 > .kt-inside-inner-col{flex-direction:column;}.kadence-column520_f8e0b7-b5 > .kt-inside-inner-col > .aligncenter{width:100%;}.kadence-column520_f8e0b7-b5 > .kt-inside-inner-col:before{opacity:0.3;}.kadence-column520_f8e0b7-b5{position:relative;}@media all and (max-width: 1024px){.kadence-column520_f8e0b7-b5 > .kt-inside-inner-col{flex-direction:column;justify-content:center;}}@media all and (max-width: 767px){.kadence-column520_f8e0b7-b5 > .kt-inside-inner-col{flex-direction:column;justify-content:center;}}<\/style>\n<div class=\"wp-block-kadence-column kadence-column520_f8e0b7-b5\"><div class=\"kt-inside-inner-col\"><\/div><\/div>\n\n\n<style>.kadence-column520_4d88f5-17 > .kt-inside-inner-col,.kadence-column520_4d88f5-17 > .kt-inside-inner-col:before{border-top-left-radius:0px;border-top-right-radius:0px;border-bottom-right-radius:0px;border-bottom-left-radius:0px;}.kadence-column520_4d88f5-17 > .kt-inside-inner-col{column-gap:var(--global-kb-gap-sm, 1rem);}.kadence-column520_4d88f5-17 > .kt-inside-inner-col{flex-direction:column;}.kadence-column520_4d88f5-17 > .kt-inside-inner-col > .aligncenter{width:100%;}.kadence-column520_4d88f5-17 > .kt-inside-inner-col:before{opacity:0.3;}.kadence-column520_4d88f5-17{position:relative;}@media all and (max-width: 1024px){.kadence-column520_4d88f5-17 > .kt-inside-inner-col{flex-direction:column;justify-content:center;}}@media all and (max-width: 767px){.kadence-column520_4d88f5-17 > .kt-inside-inner-col{flex-direction:column;justify-content:center;}}<\/style>\n<div class=\"wp-block-kadence-column kadence-column520_4d88f5-17\"><div class=\"kt-inside-inner-col\"><\/div><\/div>\n\n<\/div><\/div>\n\n<style>.kb-row-layout-id520_9e9245-67 > .kt-row-column-wrap{align-content:start;}:where(.kb-row-layout-id520_9e9245-67 > .kt-row-column-wrap) > .wp-block-kadence-column{justify-content:start;}.kb-row-layout-id520_9e9245-67 > .kt-row-column-wrap{column-gap:var(--global-kb-gap-md, 2rem);row-gap:var(--global-kb-gap-md, 2rem);max-width:var( --global-content-width, 1290px );padding-left:var(--global-content-edge-padding);padding-right:var(--global-content-edge-padding);padding-top:80px;padding-right:20px;padding-bottom:80px;padding-left:20px;grid-template-columns:minmax(0, calc(40.9% - ((var(--global-kb-gap-md, 2rem) * 1 )\/2)))minmax(0, calc(59.1% - ((var(--global-kb-gap-md, 2rem) * 1 )\/2)));}.kb-row-layout-id520_9e9245-67 > .kt-row-layout-overlay{opacity:0.30;}@media all and (max-width: 1024px){.kb-row-layout-id520_9e9245-67 > .kt-row-column-wrap{padding-top:60px;padding-right:150px;padding-bottom:60px;padding-left:150px;grid-template-columns:minmax(0, 1fr);}}@media all and (max-width: 767px){.kb-row-layout-id520_9e9245-67 > .kt-row-column-wrap{padding-top:40px;padding-right:30px;padding-bottom:40px;padding-left:30px;grid-template-columns:minmax(0, 1fr);}}<\/style><div class=\"kb-row-layout-wrap kb-row-layout-id520_9e9245-67 alignnone wp-block-kadence-rowlayout\"><div class=\"kt-row-column-wrap kt-has-2-columns kt-row-layout-equal kt-tab-layout-row kt-mobile-layout-row kt-row-valign-top kb-theme-content-width\">\n<style>.kadence-column520_91bf39-76 > .kt-inside-inner-col,.kadence-column520_91bf39-76 > .kt-inside-inner-col:before{border-top-left-radius:0px;border-top-right-radius:0px;border-bottom-right-radius:0px;border-bottom-left-radius:0px;}.kadence-column520_91bf39-76 > .kt-inside-inner-col{column-gap:var(--global-kb-gap-sm, 1rem);}.kadence-column520_91bf39-76 > .kt-inside-inner-col{flex-direction:column;}.kadence-column520_91bf39-76 > .kt-inside-inner-col > .aligncenter{width:100%;}.kadence-column520_91bf39-76 > .kt-inside-inner-col:before{opacity:0.3;}.kadence-column520_91bf39-76{position:relative;}@media all and (max-width: 1024px){.kadence-column520_91bf39-76 > .kt-inside-inner-col{flex-direction:column;justify-content:center;}}@media all and (max-width: 1024px){.kadence-column520_91bf39-76, .kt-inside-inner-col > .kadence-column520_91bf39-76:not(.specificity){margin-right:0px;margin-left:0px;}}@media all and (max-width: 767px){.kadence-column520_91bf39-76 > .kt-inside-inner-col{flex-direction:column;justify-content:center;}}<\/style>\n<div class=\"wp-block-kadence-column kadence-column520_91bf39-76 inner-column-1\"><div class=\"kt-inside-inner-col\"><style>.wp-block-kadence-advancedheading.kt-adv-heading520_44a49f-47, .wp-block-kadence-advancedheading.kt-adv-heading520_44a49f-47[data-kb-block=\"kb-adv-heading520_44a49f-47\"]{margin-top:10px;line-height:40px;font-style:normal;text-transform:none;}.wp-block-kadence-advancedheading.kt-adv-heading520_44a49f-47 mark.kt-highlight, .wp-block-kadence-advancedheading.kt-adv-heading520_44a49f-47[data-kb-block=\"kb-adv-heading520_44a49f-47\"] mark.kt-highlight{font-style:normal;color:#f76a0c;-webkit-box-decoration-break:clone;box-decoration-break:clone;padding-top:0px;padding-right:0px;padding-bottom:0px;padding-left:0px;}.wp-block-kadence-advancedheading.kt-adv-heading520_44a49f-47 img.kb-inline-image, .wp-block-kadence-advancedheading.kt-adv-heading520_44a49f-47[data-kb-block=\"kb-adv-heading520_44a49f-47\"] img.kb-inline-image{width:150px;vertical-align:baseline;}@media all and (max-width: 1024px){.wp-block-kadence-advancedheading.kt-adv-heading520_44a49f-47, .wp-block-kadence-advancedheading.kt-adv-heading520_44a49f-47[data-kb-block=\"kb-adv-heading520_44a49f-47\"]{text-align:center!important;}}@media all and (max-width: 767px){.wp-block-kadence-advancedheading.kt-adv-heading520_44a49f-47, .wp-block-kadence-advancedheading.kt-adv-heading520_44a49f-47[data-kb-block=\"kb-adv-heading520_44a49f-47\"]{text-align:center!important;}}<\/style>\n<h2 class=\"kt-adv-heading520_44a49f-47 wp-block-kadence-advancedheading\" data-kb-block=\"kb-adv-heading520_44a49f-47\">Seit mehr als 25 Jahren<\/h2>\n\n\n<style>.wp-block-kadence-advancedheading.kt-adv-heading520_e4d64e-0b, .wp-block-kadence-advancedheading.kt-adv-heading520_e4d64e-0b[data-kb-block=\"kb-adv-heading520_e4d64e-0b\"]{margin-top:15px;margin-bottom:20px;font-style:normal;}.wp-block-kadence-advancedheading.kt-adv-heading520_e4d64e-0b mark.kt-highlight, .wp-block-kadence-advancedheading.kt-adv-heading520_e4d64e-0b[data-kb-block=\"kb-adv-heading520_e4d64e-0b\"] mark.kt-highlight{font-style:normal;color:#f76a0c;-webkit-box-decoration-break:clone;box-decoration-break:clone;padding-top:0px;padding-right:0px;padding-bottom:0px;padding-left:0px;}.wp-block-kadence-advancedheading.kt-adv-heading520_e4d64e-0b img.kb-inline-image, .wp-block-kadence-advancedheading.kt-adv-heading520_e4d64e-0b[data-kb-block=\"kb-adv-heading520_e4d64e-0b\"] img.kb-inline-image{width:150px;vertical-align:baseline;}@media all and (max-width: 1024px){.wp-block-kadence-advancedheading.kt-adv-heading520_e4d64e-0b, .wp-block-kadence-advancedheading.kt-adv-heading520_e4d64e-0b[data-kb-block=\"kb-adv-heading520_e4d64e-0b\"]{text-align:center!important;}}@media all and (max-width: 767px){.wp-block-kadence-advancedheading.kt-adv-heading520_e4d64e-0b, .wp-block-kadence-advancedheading.kt-adv-heading520_e4d64e-0b[data-kb-block=\"kb-adv-heading520_e4d64e-0b\"]{text-align:center!important;}}<\/style>\n<p class=\"kt-adv-heading520_e4d64e-0b wp-block-kadence-advancedheading\" data-kb-block=\"kb-adv-heading520_e4d64e-0b\">befassen wir uns mit der Instandsetzung von Fahrwerks- und Bremskomponenten. Diese jahrzehntelange Erfahrung mit Reparaturen im Bereich der Niveauregelung und hydraulischen Bremskraftverst\u00e4rkung macht es m\u00f6glich, dass bis heute viele Youngtimer in Betrieb gehalten werden konnten, die sonst wegen gar nicht mehr oder sehr schwer erh\u00e4ltlicher Bauteile nicht mehr fahrf\u00e4hig w\u00e4ren. Kunden auf der ganzen Welt nutzen und vertrauen auf unseren Service.<\/p>\n<\/div><\/div>\n\n\n<style>.kadence-column520_df3ceb-db > .kt-inside-inner-col,.kadence-column520_df3ceb-db > .kt-inside-inner-col:before{border-top-left-radius:0px;border-top-right-radius:0px;border-bottom-right-radius:0px;border-bottom-left-radius:0px;}.kadence-column520_df3ceb-db > .kt-inside-inner-col{column-gap:var(--global-kb-gap-sm, 1rem);}.kadence-column520_df3ceb-db > .kt-inside-inner-col{flex-direction:column;}.kadence-column520_df3ceb-db > .kt-inside-inner-col > .aligncenter{width:100%;}.kadence-column520_df3ceb-db > .kt-inside-inner-col:before{opacity:0.3;}.kadence-column520_df3ceb-db{position:relative;}@media all and (max-width: 1024px){.kadence-column520_df3ceb-db > .kt-inside-inner-col{flex-direction:column;justify-content:center;}}@media all and (max-width: 767px){.kadence-column520_df3ceb-db > .kt-inside-inner-col{flex-direction:column;justify-content:center;}}<\/style>\n<div class=\"wp-block-kadence-column kadence-column520_df3ceb-db\"><div class=\"kt-inside-inner-col\"><\/div><\/div>\n\n<\/div><\/div>\n\n<style>.kb-row-layout-id520_c53e8f-72 > .kt-row-column-wrap{align-content:start;}:where(.kb-row-layout-id520_c53e8f-72 > .kt-row-column-wrap) > .wp-block-kadence-column{justify-content:start;}.kb-row-layout-id520_c53e8f-72 > .kt-row-column-wrap{column-gap:var(--global-kb-gap-md, 2rem);row-gap:var(--global-kb-gap-md, 2rem);max-width:700px;margin-left:auto;margin-right:auto;padding-top:80px;padding-right:0px;padding-bottom:80px;padding-left:0px;grid-template-columns:minmax(0, 1fr);}.kb-row-layout-id520_c53e8f-72 > .kt-row-layout-overlay{opacity:0.30;}@media all and (max-width: 1024px){.kb-row-layout-id520_c53e8f-72 > .kt-row-column-wrap{grid-template-columns:minmax(0, 1fr);}}@media all and (max-width: 767px){.kb-row-layout-id520_c53e8f-72 > .kt-row-column-wrap{padding-top:40px;padding-right:0px;padding-bottom:40px;padding-left:0px;grid-template-columns:minmax(0, 1fr);}}<\/style><div class=\"kb-row-layout-wrap kb-row-layout-id520_c53e8f-72 alignnone wp-block-kadence-rowlayout\"><div class=\"kt-row-column-wrap kt-has-1-columns kt-row-layout-equal kt-tab-layout-inherit kt-mobile-layout-row kt-row-valign-top\">\n<style>.kadence-column520_f28e00-46 > .kt-inside-inner-col,.kadence-column520_f28e00-46 > .kt-inside-inner-col:before{border-top-left-radius:0px;border-top-right-radius:0px;border-bottom-right-radius:0px;border-bottom-left-radius:0px;}.kadence-column520_f28e00-46 > .kt-inside-inner-col{column-gap:var(--global-kb-gap-sm, 1rem);}.kadence-column520_f28e00-46 > .kt-inside-inner-col{flex-direction:column;}.kadence-column520_f28e00-46 > .kt-inside-inner-col > .aligncenter{width:100%;}.kadence-column520_f28e00-46 > .kt-inside-inner-col:before{opacity:0.3;}.kadence-column520_f28e00-46{position:relative;}@media all and (max-width: 1024px){.kadence-column520_f28e00-46 > .kt-inside-inner-col{flex-direction:column;justify-content:center;}}@media all and (max-width: 767px){.kadence-column520_f28e00-46 > .kt-inside-inner-col{padding-right:0px;padding-left:0px;flex-direction:column;justify-content:center;}.kadence-column520_f28e00-46, .kt-inside-inner-col > .kadence-column520_f28e00-46:not(.specificity){margin-right:0px;margin-left:0px;}}<\/style>\n<div class=\"wp-block-kadence-column kadence-column520_f28e00-46 inner-column-1\"><div class=\"kt-inside-inner-col\"><\/div><\/div>\n\n<\/div><\/div>","protected":false},"excerpt":{"rendered":"<p>Seit mehr als 25 Jahren befassen wir uns mit der Instandsetzung von Fahrwerks- und Bremskomponenten. Diese jahrzehntelange Erfahrung mit Reparaturen im Bereich der Niveauregelung und hydraulischen Bremskraftverst\u00e4rkung macht es m\u00f6glich, dass bis heute viele Youngtimer in Betrieb gehalten werden konnten, die sonst wegen gar nicht mehr oder sehr schwer erh\u00e4ltlicher Bauteile nicht mehr fahrf\u00e4hig w\u00e4ren&#8230;.<\/p>\n","protected":false},"author":1,"featured_media":0,"parent":0,"menu_order":0,"comment_status":"closed","ping_status":"closed","template":"","meta":{"_kadence_starter_templates_imported_post":true,"_kad_post_transparent":"","_kad_post_title":"","_kad_post_layout":"","_kad_post_sidebar_id":"","_kad_post_content_style":"","_kad_post_vertical_padding":"","_kad_post_feature":"","_kad_post_feature_position":"","_kad_post_header":false,"_kad_post_footer":false,"_kad_post_classname":"","footnotes":""},"class_list":["post-520","page","type-page","status-publish","hentry"],"yoast_head":"<!-- This site is optimized with the Yoast SEO plugin v27.5 - https:\/\/yoast.com\/product\/yoast-seo-wordpress\/ -->\n<title>\u00dcber uns - www.texerv.com<\/title>\n<meta name=\"robots\" content=\"index, follow, max-snippet:-1, max-image-preview:large, max-video-preview:-1\" \/>\n<link rel=\"canonical\" href=\"https:\/\/www.texerv.com\/wordpressdev\/about\/\" \/>\n<meta property=\"og:locale\" content=\"de_DE\" \/>\n<meta property=\"og:type\" content=\"article\" \/>\n<meta property=\"og:title\" content=\"\u00dcber uns - www.texerv.com\" \/>\n<meta property=\"og:description\" content=\"Seit mehr als 25 Jahren befassen wir uns mit der Instandsetzung von Fahrwerks- und Bremskomponenten. Diese jahrzehntelange Erfahrung mit Reparaturen im Bereich der Niveauregelung und hydraulischen Bremskraftverst\u00e4rkung macht es m\u00f6glich, dass bis heute viele Youngtimer in Betrieb gehalten werden konnten, die sonst wegen gar nicht mehr oder sehr schwer erh\u00e4ltlicher Bauteile nicht mehr fahrf\u00e4hig w\u00e4ren....\" \/>\n<meta property=\"og:url\" content=\"https:\/\/www.texerv.com\/wordpressdev\/about\/\" \/>\n<meta property=\"og:site_name\" content=\"www.texerv.com\" \/>\n<meta property=\"article:modified_time\" content=\"2024-11-01T05:55:18+00:00\" \/>\n<meta name=\"twitter:card\" content=\"summary_large_image\" \/>\n<meta name=\"twitter:label1\" content=\"Gesch\u00e4tzte Lesezeit\" \/>\n\t<meta name=\"twitter:data1\" content=\"1\u00a0Minute\" \/>\n<script type=\"application\/ld+json\" class=\"yoast-schema-graph\">{\"@context\":\"https:\\\/\\\/schema.org\",\"@graph\":[{\"@type\":\"WebPage\",\"@id\":\"https:\\\/\\\/www.texerv.com\\\/wordpressdev\\\/about\\\/\",\"url\":\"https:\\\/\\\/www.texerv.com\\\/wordpressdev\\\/about\\\/\",\"name\":\"\u00dcber uns - www.texerv.com\",\"isPartOf\":{\"@id\":\"https:\\\/\\\/www.texerv.com\\\/wordpressdev\\\/#website\"},\"datePublished\":\"2022-08-01T15:28:57+00:00\",\"dateModified\":\"2024-11-01T05:55:18+00:00\",\"breadcrumb\":{\"@id\":\"https:\\\/\\\/www.texerv.com\\\/wordpressdev\\\/about\\\/#breadcrumb\"},\"inLanguage\":\"de\",\"potentialAction\":[{\"@type\":\"ReadAction\",\"target\":[\"https:\\\/\\\/www.texerv.com\\\/wordpressdev\\\/about\\\/\"]}]},{\"@type\":\"BreadcrumbList\",\"@id\":\"https:\\\/\\\/www.texerv.com\\\/wordpressdev\\\/about\\\/#breadcrumb\",\"itemListElement\":[{\"@type\":\"ListItem\",\"position\":1,\"name\":\"Startseite\",\"item\":\"https:\\\/\\\/www.texerv.com\\\/wordpressdev\\\/\"},{\"@type\":\"ListItem\",\"position\":2,\"name\":\"\u00dcber uns\"}]},{\"@type\":\"WebSite\",\"@id\":\"https:\\\/\\\/www.texerv.com\\\/wordpressdev\\\/#website\",\"url\":\"https:\\\/\\\/www.texerv.com\\\/wordpressdev\\\/\",\"name\":\"www.texerv.com\",\"description\":\"\",\"publisher\":{\"@id\":\"https:\\\/\\\/www.texerv.com\\\/wordpressdev\\\/#organization\"},\"potentialAction\":[{\"@type\":\"SearchAction\",\"target\":{\"@type\":\"EntryPoint\",\"urlTemplate\":\"https:\\\/\\\/www.texerv.com\\\/wordpressdev\\\/?s={search_term_string}\"},\"query-input\":{\"@type\":\"PropertyValueSpecification\",\"valueRequired\":true,\"valueName\":\"search_term_string\"}}],\"inLanguage\":\"de\"},{\"@type\":\"Organization\",\"@id\":\"https:\\\/\\\/www.texerv.com\\\/wordpressdev\\\/#organization\",\"name\":\"www.texerv.com\",\"url\":\"https:\\\/\\\/www.texerv.com\\\/wordpressdev\\\/\",\"logo\":{\"@type\":\"ImageObject\",\"inLanguage\":\"de\",\"@id\":\"https:\\\/\\\/www.texerv.com\\\/wordpressdev\\\/#\\\/schema\\\/logo\\\/image\\\/\",\"url\":\"https:\\\/\\\/www.texerv.com\\\/wordpressdev\\\/wp-content\\\/uploads\\\/2024\\\/10\\\/cropped-2zahnr.jpg\",\"contentUrl\":\"https:\\\/\\\/www.texerv.com\\\/wordpressdev\\\/wp-content\\\/uploads\\\/2024\\\/10\\\/cropped-2zahnr.jpg\",\"width\":150,\"height\":142,\"caption\":\"www.texerv.com\"},\"image\":{\"@id\":\"https:\\\/\\\/www.texerv.com\\\/wordpressdev\\\/#\\\/schema\\\/logo\\\/image\\\/\"}}]}<\/script>\n<!-- \/ Yoast SEO plugin. -->","yoast_head_json":{"title":"\u00dcber uns - www.texerv.com","robots":{"index":"index","follow":"follow","max-snippet":"max-snippet:-1","max-image-preview":"max-image-preview:large","max-video-preview":"max-video-preview:-1"},"canonical":"https:\/\/www.texerv.com\/wordpressdev\/about\/","og_locale":"de_DE","og_type":"article","og_title":"\u00dcber uns - www.texerv.com","og_description":"Seit mehr als 25 Jahren befassen wir uns mit der Instandsetzung von Fahrwerks- und Bremskomponenten. Diese jahrzehntelange Erfahrung mit Reparaturen im Bereich der Niveauregelung und hydraulischen Bremskraftverst\u00e4rkung macht es m\u00f6glich, dass bis heute viele Youngtimer in Betrieb gehalten werden konnten, die sonst wegen gar nicht mehr oder sehr schwer erh\u00e4ltlicher Bauteile nicht mehr fahrf\u00e4hig w\u00e4ren....","og_url":"https:\/\/www.texerv.com\/wordpressdev\/about\/","og_site_name":"www.texerv.com","article_modified_time":"2024-11-01T05:55:18+00:00","twitter_card":"summary_large_image","twitter_misc":{"Gesch\u00e4tzte Lesezeit":"1\u00a0Minute"},"schema":{"@context":"https:\/\/schema.org","@graph":[{"@type":"WebPage","@id":"https:\/\/www.texerv.com\/wordpressdev\/about\/","url":"https:\/\/www.texerv.com\/wordpressdev\/about\/","name":"\u00dcber uns - www.texerv.com","isPartOf":{"@id":"https:\/\/www.texerv.com\/wordpressdev\/#website"},"datePublished":"2022-08-01T15:28:57+00:00","dateModified":"2024-11-01T05:55:18+00:00","breadcrumb":{"@id":"https:\/\/www.texerv.com\/wordpressdev\/about\/#breadcrumb"},"inLanguage":"de","potentialAction":[{"@type":"ReadAction","target":["https:\/\/www.texerv.com\/wordpressdev\/about\/"]}]},{"@type":"BreadcrumbList","@id":"https:\/\/www.texerv.com\/wordpressdev\/about\/#breadcrumb","itemListElement":[{"@type":"ListItem","position":1,"name":"Startseite","item":"https:\/\/www.texerv.com\/wordpressdev\/"},{"@type":"ListItem","position":2,"name":"\u00dcber uns"}]},{"@type":"WebSite","@id":"https:\/\/www.texerv.com\/wordpressdev\/#website","url":"https:\/\/www.texerv.com\/wordpressdev\/","name":"www.texerv.com","description":"","publisher":{"@id":"https:\/\/www.texerv.com\/wordpressdev\/#organization"},"potentialAction":[{"@type":"SearchAction","target":{"@type":"EntryPoint","urlTemplate":"https:\/\/www.texerv.com\/wordpressdev\/?s={search_term_string}"},"query-input":{"@type":"PropertyValueSpecification","valueRequired":true,"valueName":"search_term_string"}}],"inLanguage":"de"},{"@type":"Organization","@id":"https:\/\/www.texerv.com\/wordpressdev\/#organization","name":"www.texerv.com","url":"https:\/\/www.texerv.com\/wordpressdev\/","logo":{"@type":"ImageObject","inLanguage":"de","@id":"https:\/\/www.texerv.com\/wordpressdev\/#\/schema\/logo\/image\/","url":"https:\/\/www.texerv.com\/wordpressdev\/wp-content\/uploads\/2024\/10\/cropped-2zahnr.jpg","contentUrl":"https:\/\/www.texerv.com\/wordpressdev\/wp-content\/uploads\/2024\/10\/cropped-2zahnr.jpg","width":150,"height":142,"caption":"www.texerv.com"},"image":{"@id":"https:\/\/www.texerv.com\/wordpressdev\/#\/schema\/logo\/image\/"}}]}},"_links":{"self":[{"href":"https:\/\/www.texerv.com\/wordpressdev\/wp-json\/wp\/v2\/pages\/520","targetHints":{"allow":["GET"]}}],"collection":[{"href":"https:\/\/www.texerv.com\/wordpressdev\/wp-json\/wp\/v2\/pages"}],"about":[{"href":"https:\/\/www.texerv.com\/wordpressdev\/wp-json\/wp\/v2\/types\/page"}],"author":[{"embeddable":true,"href":"https:\/\/www.texerv.com\/wordpressdev\/wp-json\/wp\/v2\/users\/1"}],"replies":[{"embeddable":true,"href":"https:\/\/www.texerv.com\/wordpressdev\/wp-json\/wp\/v2\/comments?post=520"}],"version-history":[{"count":8,"href":"https:\/\/www.texerv.com\/wordpressdev\/wp-json\/wp\/v2\/pages\/520\/revisions"}],"predecessor-version":[{"id":1117,"href":"https:\/\/www.texerv.com\/wordpressdev\/wp-json\/wp\/v2\/pages\/520\/revisions\/1117"}],"wp:attachment":[{"href":"https:\/\/www.texerv.com\/wordpressdev\/wp-json\/wp\/v2\/media?parent=520"}],"curies":[{"name":"wp","href":"https:\/\/api.w.org\/{rel}","templated":true}]}}