{"id":860,"date":"2024-10-08T16:12:12","date_gmt":"2024-10-08T14:12:12","guid":{"rendered":"https:\/\/texerv.com\/wordpressdev\/?page_id=860"},"modified":"2024-11-18T06:23:06","modified_gmt":"2024-11-18T05:23:06","slug":"hydraulikpumpen","status":"publish","type":"page","link":"https:\/\/www.texerv.com\/wordpressdev\/hydraulikpumpen\/","title":{"rendered":"Hydraulikpumpen"},"content":{"rendered":"<style>.kb-row-layout-id860_8d4756-50 > .kt-row-column-wrap{align-content:center;}:where(.kb-row-layout-id860_8d4756-50 > .kt-row-column-wrap) > .wp-block-kadence-column{justify-content:center;}.kb-row-layout-id860_8d4756-50 > .kt-row-column-wrap{column-gap:var(--global-kb-gap-md, 2rem);row-gap:var(--global-kb-gap-md, 2rem);padding-top:var(--global-kb-spacing-sm, 1.5rem);padding-bottom:var(--global-kb-spacing-xxl, 5rem);grid-template-columns:minmax(0, 2fr) minmax(0, 1fr);}.kb-row-layout-id860_8d4756-50{background-image:url('https:\/\/texerv.com\/wordpressdev\/wp-content\/uploads\/2024\/10\/customkey.png');background-size:cover;background-position:50% 34%;background-attachment:scroll;background-repeat:no-repeat;}.kb-row-layout-id860_8d4756-50 > .kt-row-layout-overlay{opacity:0.30;}@media all and (max-width: 1024px){.kb-row-layout-id860_8d4756-50 > .kt-row-column-wrap{grid-template-columns:minmax(0, 2fr) minmax(0, 1fr);}}@media all and (max-width: 767px){.kb-row-layout-id860_8d4756-50 > .kt-row-column-wrap{grid-template-columns:minmax(0, 1fr);}}<\/style><div class=\"kb-row-layout-wrap kb-row-layout-id860_8d4756-50 alignnone kt-row-has-bg wp-block-kadence-rowlayout\"><div class=\"kt-row-column-wrap kt-has-2-columns kt-row-layout-left-golden kt-tab-layout-inherit kt-mobile-layout-row kt-row-valign-middle\">\n<style>.kadence-column860_d4fa3a-2a > .kt-inside-inner-col,.kadence-column860_d4fa3a-2a > .kt-inside-inner-col:before{border-top-left-radius:0px;border-top-right-radius:0px;border-bottom-right-radius:0px;border-bottom-left-radius:0px;}.kadence-column860_d4fa3a-2a > .kt-inside-inner-col{column-gap:var(--global-kb-gap-sm, 1rem);}.kadence-column860_d4fa3a-2a > .kt-inside-inner-col{flex-direction:column;}.kadence-column860_d4fa3a-2a > .kt-inside-inner-col > .aligncenter{width:100%;}.kadence-column860_d4fa3a-2a > .kt-inside-inner-col:before{opacity:0.3;}.kadence-column860_d4fa3a-2a{position:relative;}@media all and (max-width: 1024px){.kadence-column860_d4fa3a-2a > .kt-inside-inner-col{flex-direction:column;justify-content:center;}}@media all and (max-width: 767px){.kadence-column860_d4fa3a-2a > .kt-inside-inner-col{flex-direction:column;justify-content:center;}}<\/style>\n<div class=\"wp-block-kadence-column kadence-column860_d4fa3a-2a\"><div class=\"kt-inside-inner-col\"><\/div><\/div>\n\n\n<style>.kadence-column860_2d139f-88 > .kt-inside-inner-col,.kadence-column860_2d139f-88 > .kt-inside-inner-col:before{border-top-left-radius:0px;border-top-right-radius:0px;border-bottom-right-radius:0px;border-bottom-left-radius:0px;}.kadence-column860_2d139f-88 > .kt-inside-inner-col{column-gap:var(--global-kb-gap-sm, 1rem);}.kadence-column860_2d139f-88 > .kt-inside-inner-col{flex-direction:column;}.kadence-column860_2d139f-88 > .kt-inside-inner-col > .aligncenter{width:100%;}.kadence-column860_2d139f-88 > .kt-inside-inner-col:before{opacity:0.3;}.kadence-column860_2d139f-88{position:relative;}@media all and (max-width: 1024px){.kadence-column860_2d139f-88 > .kt-inside-inner-col{flex-direction:column;justify-content:center;}}@media all and (max-width: 767px){.kadence-column860_2d139f-88 > .kt-inside-inner-col{flex-direction:column;justify-content:center;}}<\/style>\n<div class=\"wp-block-kadence-column kadence-column860_2d139f-88\"><div class=\"kt-inside-inner-col\"><\/div><\/div>\n\n<\/div><\/div>\n\n\n<h2 class=\"wp-block-heading has-text-align-center\">Hydraulikpumpen<\/h2>\n\n\n<div class=\"wp-block-image\">\n<figure class=\"aligncenter size-full is-resized\"><img loading=\"lazy\" decoding=\"async\" width=\"600\" height=\"398\" src=\"https:\/\/texerv.com\/wordpressdev\/wp-content\/uploads\/2024\/10\/Pumpen-Kopie.jpg\" alt=\"\" class=\"wp-image-719\" style=\"width:358px;height:auto\" srcset=\"https:\/\/www.texerv.com\/wordpressdev\/wp-content\/uploads\/2024\/10\/Pumpen-Kopie.jpg 600w, https:\/\/www.texerv.com\/wordpressdev\/wp-content\/uploads\/2024\/10\/Pumpen-Kopie-300x199.jpg 300w\" sizes=\"auto, (max-width: 600px) 100vw, 600px\" \/><\/figure>\n<\/div>\n\n\n<p class=\"has-text-align-left\" style=\"margin-right:var(--wp--preset--spacing--70);margin-left:var(--wp--preset--spacing--70)\">Der h\u00e4ufigste Defekt ist eine undichte Servopumpe. Hydraulik\u00f6l tritt aus.<\/p>\n\n\n\n<p class=\"has-text-align-left\" style=\"margin-right:var(--wp--preset--spacing--70);margin-left:var(--wp--preset--spacing--70)\">Das ist nicht nur schlecht f\u00fcr die Umwelt, sondern kann zum Ausfall der Servolenkung und ggf. des Bremskraftverst\u00e4rkers f\u00fchren. Im ung\u00fcnstigsten Fall besteht sogar Brandgefahr, etwa wenn \u00d6l auf den hei\u00dfen Abgaskr\u00fcmmer gespr\u00fcht wird. Wir reparieren Hydraulikpumpen f\u00fcr diverse Audi-Modelle. Aber auch andere Marken k\u00f6nnen ggf. repariert werden.<\/p>\n\n\n\n<h3 class=\"wp-block-heading has-text-align-center\" style=\"text-transform:none\">Wir reparieren Hydraulikpumpen von Audi-Youngtimern und anderen Marken<\/h3>\n\n\n\n<p><\/p>\n","protected":false},"excerpt":{"rendered":"<p>Hydraulikpumpen Der h\u00e4ufigste Defekt ist eine undichte Servopumpe. Hydraulik\u00f6l tritt aus. Das ist nicht nur schlecht f\u00fcr die Umwelt, sondern kann zum Ausfall der Servolenkung und ggf. des Bremskraftverst\u00e4rkers f\u00fchren. Im ung\u00fcnstigsten Fall besteht sogar Brandgefahr, etwa wenn \u00d6l auf den hei\u00dfen Abgaskr\u00fcmmer gespr\u00fcht wird. Wir reparieren Hydraulikpumpen f\u00fcr diverse Audi-Modelle. Aber auch andere Marken&#8230;<\/p>\n","protected":false},"author":1,"featured_media":0,"parent":0,"menu_order":0,"comment_status":"closed","ping_status":"closed","template":"","meta":{"_kadence_starter_templates_imported_post":false,"_kad_post_transparent":"","_kad_post_title":"","_kad_post_layout":"","_kad_post_sidebar_id":"","_kad_post_content_style":"","_kad_post_vertical_padding":"","_kad_post_feature":"","_kad_post_feature_position":"","_kad_post_header":false,"_kad_post_footer":false,"_kad_post_classname":"","footnotes":""},"class_list":["post-860","page","type-page","status-publish","hentry"],"yoast_head":"<!-- This site is optimized with the Yoast SEO plugin v27.5 - https:\/\/yoast.com\/product\/yoast-seo-wordpress\/ -->\n<title>Hydraulikpumpen - www.texerv.com<\/title>\n<meta name=\"description\" content=\"Servopumpe undicht\" \/>\n<meta name=\"robots\" content=\"index, follow, max-snippet:-1, max-image-preview:large, max-video-preview:-1\" \/>\n<link rel=\"canonical\" href=\"https:\/\/www.texerv.com\/wordpressdev\/hydraulikpumpen\/\" \/>\n<meta property=\"og:locale\" content=\"de_DE\" \/>\n<meta property=\"og:type\" content=\"article\" \/>\n<meta property=\"og:title\" content=\"Hydraulikpumpen - www.texerv.com\" \/>\n<meta property=\"og:description\" content=\"Servopumpe undicht\" \/>\n<meta property=\"og:url\" content=\"https:\/\/www.texerv.com\/wordpressdev\/hydraulikpumpen\/\" \/>\n<meta property=\"og:site_name\" content=\"www.texerv.com\" \/>\n<meta property=\"article:modified_time\" content=\"2024-11-18T05:23:06+00:00\" \/>\n<meta property=\"og:image\" content=\"https:\/\/texerv.com\/wordpressdev\/wp-content\/uploads\/2024\/10\/Pumpen-Kopie.jpg\" \/>\n<meta name=\"twitter:card\" content=\"summary_large_image\" \/>\n<meta name=\"twitter:label1\" content=\"Gesch\u00e4tzte Lesezeit\" \/>\n\t<meta name=\"twitter:data1\" content=\"1\u00a0Minute\" \/>\n<script type=\"application\/ld+json\" class=\"yoast-schema-graph\">{\"@context\":\"https:\\\/\\\/schema.org\",\"@graph\":[{\"@type\":\"WebPage\",\"@id\":\"https:\\\/\\\/www.texerv.com\\\/wordpressdev\\\/hydraulikpumpen\\\/\",\"url\":\"https:\\\/\\\/www.texerv.com\\\/wordpressdev\\\/hydraulikpumpen\\\/\",\"name\":\"Hydraulikpumpen - www.texerv.com\",\"isPartOf\":{\"@id\":\"https:\\\/\\\/www.texerv.com\\\/wordpressdev\\\/#website\"},\"primaryImageOfPage\":{\"@id\":\"https:\\\/\\\/www.texerv.com\\\/wordpressdev\\\/hydraulikpumpen\\\/#primaryimage\"},\"image\":{\"@id\":\"https:\\\/\\\/www.texerv.com\\\/wordpressdev\\\/hydraulikpumpen\\\/#primaryimage\"},\"thumbnailUrl\":\"https:\\\/\\\/texerv.com\\\/wordpressdev\\\/wp-content\\\/uploads\\\/2024\\\/10\\\/Pumpen-Kopie.jpg\",\"datePublished\":\"2024-10-08T14:12:12+00:00\",\"dateModified\":\"2024-11-18T05:23:06+00:00\",\"description\":\"Servopumpe undicht\",\"breadcrumb\":{\"@id\":\"https:\\\/\\\/www.texerv.com\\\/wordpressdev\\\/hydraulikpumpen\\\/#breadcrumb\"},\"inLanguage\":\"de\",\"potentialAction\":[{\"@type\":\"ReadAction\",\"target\":[\"https:\\\/\\\/www.texerv.com\\\/wordpressdev\\\/hydraulikpumpen\\\/\"]}]},{\"@type\":\"ImageObject\",\"inLanguage\":\"de\",\"@id\":\"https:\\\/\\\/www.texerv.com\\\/wordpressdev\\\/hydraulikpumpen\\\/#primaryimage\",\"url\":\"https:\\\/\\\/texerv.com\\\/wordpressdev\\\/wp-content\\\/uploads\\\/2024\\\/10\\\/Pumpen-Kopie.jpg\",\"contentUrl\":\"https:\\\/\\\/texerv.com\\\/wordpressdev\\\/wp-content\\\/uploads\\\/2024\\\/10\\\/Pumpen-Kopie.jpg\"},{\"@type\":\"BreadcrumbList\",\"@id\":\"https:\\\/\\\/www.texerv.com\\\/wordpressdev\\\/hydraulikpumpen\\\/#breadcrumb\",\"itemListElement\":[{\"@type\":\"ListItem\",\"position\":1,\"name\":\"Startseite\",\"item\":\"https:\\\/\\\/www.texerv.com\\\/wordpressdev\\\/\"},{\"@type\":\"ListItem\",\"position\":2,\"name\":\"Hydraulikpumpen\"}]},{\"@type\":\"WebSite\",\"@id\":\"https:\\\/\\\/www.texerv.com\\\/wordpressdev\\\/#website\",\"url\":\"https:\\\/\\\/www.texerv.com\\\/wordpressdev\\\/\",\"name\":\"www.texerv.com\",\"description\":\"\",\"publisher\":{\"@id\":\"https:\\\/\\\/www.texerv.com\\\/wordpressdev\\\/#organization\"},\"potentialAction\":[{\"@type\":\"SearchAction\",\"target\":{\"@type\":\"EntryPoint\",\"urlTemplate\":\"https:\\\/\\\/www.texerv.com\\\/wordpressdev\\\/?s={search_term_string}\"},\"query-input\":{\"@type\":\"PropertyValueSpecification\",\"valueRequired\":true,\"valueName\":\"search_term_string\"}}],\"inLanguage\":\"de\"},{\"@type\":\"Organization\",\"@id\":\"https:\\\/\\\/www.texerv.com\\\/wordpressdev\\\/#organization\",\"name\":\"www.texerv.com\",\"url\":\"https:\\\/\\\/www.texerv.com\\\/wordpressdev\\\/\",\"logo\":{\"@type\":\"ImageObject\",\"inLanguage\":\"de\",\"@id\":\"https:\\\/\\\/www.texerv.com\\\/wordpressdev\\\/#\\\/schema\\\/logo\\\/image\\\/\",\"url\":\"https:\\\/\\\/www.texerv.com\\\/wordpressdev\\\/wp-content\\\/uploads\\\/2024\\\/10\\\/cropped-2zahnr.jpg\",\"contentUrl\":\"https:\\\/\\\/www.texerv.com\\\/wordpressdev\\\/wp-content\\\/uploads\\\/2024\\\/10\\\/cropped-2zahnr.jpg\",\"width\":150,\"height\":142,\"caption\":\"www.texerv.com\"},\"image\":{\"@id\":\"https:\\\/\\\/www.texerv.com\\\/wordpressdev\\\/#\\\/schema\\\/logo\\\/image\\\/\"}}]}<\/script>\n<!-- \/ Yoast SEO plugin. -->","yoast_head_json":{"title":"Hydraulikpumpen - www.texerv.com","description":"Servopumpe undicht","robots":{"index":"index","follow":"follow","max-snippet":"max-snippet:-1","max-image-preview":"max-image-preview:large","max-video-preview":"max-video-preview:-1"},"canonical":"https:\/\/www.texerv.com\/wordpressdev\/hydraulikpumpen\/","og_locale":"de_DE","og_type":"article","og_title":"Hydraulikpumpen - www.texerv.com","og_description":"Servopumpe undicht","og_url":"https:\/\/www.texerv.com\/wordpressdev\/hydraulikpumpen\/","og_site_name":"www.texerv.com","article_modified_time":"2024-11-18T05:23:06+00:00","og_image":[{"url":"https:\/\/texerv.com\/wordpressdev\/wp-content\/uploads\/2024\/10\/Pumpen-Kopie.jpg","type":"","width":"","height":""}],"twitter_card":"summary_large_image","twitter_misc":{"Gesch\u00e4tzte Lesezeit":"1\u00a0Minute"},"schema":{"@context":"https:\/\/schema.org","@graph":[{"@type":"WebPage","@id":"https:\/\/www.texerv.com\/wordpressdev\/hydraulikpumpen\/","url":"https:\/\/www.texerv.com\/wordpressdev\/hydraulikpumpen\/","name":"Hydraulikpumpen - www.texerv.com","isPartOf":{"@id":"https:\/\/www.texerv.com\/wordpressdev\/#website"},"primaryImageOfPage":{"@id":"https:\/\/www.texerv.com\/wordpressdev\/hydraulikpumpen\/#primaryimage"},"image":{"@id":"https:\/\/www.texerv.com\/wordpressdev\/hydraulikpumpen\/#primaryimage"},"thumbnailUrl":"https:\/\/texerv.com\/wordpressdev\/wp-content\/uploads\/2024\/10\/Pumpen-Kopie.jpg","datePublished":"2024-10-08T14:12:12+00:00","dateModified":"2024-11-18T05:23:06+00:00","description":"Servopumpe undicht","breadcrumb":{"@id":"https:\/\/www.texerv.com\/wordpressdev\/hydraulikpumpen\/#breadcrumb"},"inLanguage":"de","potentialAction":[{"@type":"ReadAction","target":["https:\/\/www.texerv.com\/wordpressdev\/hydraulikpumpen\/"]}]},{"@type":"ImageObject","inLanguage":"de","@id":"https:\/\/www.texerv.com\/wordpressdev\/hydraulikpumpen\/#primaryimage","url":"https:\/\/texerv.com\/wordpressdev\/wp-content\/uploads\/2024\/10\/Pumpen-Kopie.jpg","contentUrl":"https:\/\/texerv.com\/wordpressdev\/wp-content\/uploads\/2024\/10\/Pumpen-Kopie.jpg"},{"@type":"BreadcrumbList","@id":"https:\/\/www.texerv.com\/wordpressdev\/hydraulikpumpen\/#breadcrumb","itemListElement":[{"@type":"ListItem","position":1,"name":"Startseite","item":"https:\/\/www.texerv.com\/wordpressdev\/"},{"@type":"ListItem","position":2,"name":"Hydraulikpumpen"}]},{"@type":"WebSite","@id":"https:\/\/www.texerv.com\/wordpressdev\/#website","url":"https:\/\/www.texerv.com\/wordpressdev\/","name":"www.texerv.com","description":"","publisher":{"@id":"https:\/\/www.texerv.com\/wordpressdev\/#organization"},"potentialAction":[{"@type":"SearchAction","target":{"@type":"EntryPoint","urlTemplate":"https:\/\/www.texerv.com\/wordpressdev\/?s={search_term_string}"},"query-input":{"@type":"PropertyValueSpecification","valueRequired":true,"valueName":"search_term_string"}}],"inLanguage":"de"},{"@type":"Organization","@id":"https:\/\/www.texerv.com\/wordpressdev\/#organization","name":"www.texerv.com","url":"https:\/\/www.texerv.com\/wordpressdev\/","logo":{"@type":"ImageObject","inLanguage":"de","@id":"https:\/\/www.texerv.com\/wordpressdev\/#\/schema\/logo\/image\/","url":"https:\/\/www.texerv.com\/wordpressdev\/wp-content\/uploads\/2024\/10\/cropped-2zahnr.jpg","contentUrl":"https:\/\/www.texerv.com\/wordpressdev\/wp-content\/uploads\/2024\/10\/cropped-2zahnr.jpg","width":150,"height":142,"caption":"www.texerv.com"},"image":{"@id":"https:\/\/www.texerv.com\/wordpressdev\/#\/schema\/logo\/image\/"}}]}},"_links":{"self":[{"href":"https:\/\/www.texerv.com\/wordpressdev\/wp-json\/wp\/v2\/pages\/860","targetHints":{"allow":["GET"]}}],"collection":[{"href":"https:\/\/www.texerv.com\/wordpressdev\/wp-json\/wp\/v2\/pages"}],"about":[{"href":"https:\/\/www.texerv.com\/wordpressdev\/wp-json\/wp\/v2\/types\/page"}],"author":[{"embeddable":true,"href":"https:\/\/www.texerv.com\/wordpressdev\/wp-json\/wp\/v2\/users\/1"}],"replies":[{"embeddable":true,"href":"https:\/\/www.texerv.com\/wordpressdev\/wp-json\/wp\/v2\/comments?post=860"}],"version-history":[{"count":7,"href":"https:\/\/www.texerv.com\/wordpressdev\/wp-json\/wp\/v2\/pages\/860\/revisions"}],"predecessor-version":[{"id":1481,"href":"https:\/\/www.texerv.com\/wordpressdev\/wp-json\/wp\/v2\/pages\/860\/revisions\/1481"}],"wp:attachment":[{"href":"https:\/\/www.texerv.com\/wordpressdev\/wp-json\/wp\/v2\/media?parent=860"}],"curies":[{"name":"wp","href":"https:\/\/api.w.org\/{rel}","templated":true}]}}