{"id":870,"date":"2024-10-08T16:16:15","date_gmt":"2024-10-08T14:16:15","guid":{"rendered":"https:\/\/texerv.com\/wordpressdev\/?page_id=870"},"modified":"2024-11-13T10:38:39","modified_gmt":"2024-11-13T09:38:39","slug":"niveauregelventile","status":"publish","type":"page","link":"https:\/\/www.texerv.com\/wordpressdev\/niveauregelventile\/","title":{"rendered":"Niveauregelventile"},"content":{"rendered":"<style>.kb-row-layout-id870_0af9c4-8a > .kt-row-column-wrap{align-content:center;}:where(.kb-row-layout-id870_0af9c4-8a > .kt-row-column-wrap) > .wp-block-kadence-column{justify-content:center;}.kb-row-layout-id870_0af9c4-8a > .kt-row-column-wrap{column-gap:var(--global-kb-gap-md, 2rem);row-gap:var(--global-kb-gap-md, 2rem);padding-top:var(--global-kb-spacing-sm, 1.5rem);padding-bottom:var(--global-kb-spacing-xxl, 5rem);grid-template-columns:minmax(0, 2fr) minmax(0, 1fr);}.kb-row-layout-id870_0af9c4-8a{background-image:url('https:\/\/texerv.com\/wordpressdev\/wp-content\/uploads\/2024\/10\/customkey.png');background-size:cover;background-position:50% 34%;background-attachment:scroll;background-repeat:no-repeat;}.kb-row-layout-id870_0af9c4-8a > .kt-row-layout-overlay{opacity:0.30;}@media all and (max-width: 1024px){.kb-row-layout-id870_0af9c4-8a > .kt-row-column-wrap{grid-template-columns:minmax(0, 2fr) minmax(0, 1fr);}}@media all and (max-width: 767px){.kb-row-layout-id870_0af9c4-8a > .kt-row-column-wrap{grid-template-columns:minmax(0, 1fr);}}<\/style><div class=\"kb-row-layout-wrap kb-row-layout-id870_0af9c4-8a alignnone kt-row-has-bg wp-block-kadence-rowlayout\"><div class=\"kt-row-column-wrap kt-has-2-columns kt-row-layout-left-golden kt-tab-layout-inherit kt-mobile-layout-row kt-row-valign-middle\">\n<style>.kadence-column870_80a6c3-11 > .kt-inside-inner-col,.kadence-column870_80a6c3-11 > .kt-inside-inner-col:before{border-top-left-radius:0px;border-top-right-radius:0px;border-bottom-right-radius:0px;border-bottom-left-radius:0px;}.kadence-column870_80a6c3-11 > .kt-inside-inner-col{column-gap:var(--global-kb-gap-sm, 1rem);}.kadence-column870_80a6c3-11 > .kt-inside-inner-col{flex-direction:column;}.kadence-column870_80a6c3-11 > .kt-inside-inner-col > .aligncenter{width:100%;}.kadence-column870_80a6c3-11 > .kt-inside-inner-col:before{opacity:0.3;}.kadence-column870_80a6c3-11{position:relative;}@media all and (max-width: 1024px){.kadence-column870_80a6c3-11 > .kt-inside-inner-col{flex-direction:column;justify-content:center;}}@media all and (max-width: 767px){.kadence-column870_80a6c3-11 > .kt-inside-inner-col{flex-direction:column;justify-content:center;}}<\/style>\n<div class=\"wp-block-kadence-column kadence-column870_80a6c3-11\"><div class=\"kt-inside-inner-col\"><\/div><\/div>\n\n\n<style>.kadence-column870_0b6fb4-f0 > .kt-inside-inner-col,.kadence-column870_0b6fb4-f0 > .kt-inside-inner-col:before{border-top-left-radius:0px;border-top-right-radius:0px;border-bottom-right-radius:0px;border-bottom-left-radius:0px;}.kadence-column870_0b6fb4-f0 > .kt-inside-inner-col{column-gap:var(--global-kb-gap-sm, 1rem);}.kadence-column870_0b6fb4-f0 > .kt-inside-inner-col{flex-direction:column;}.kadence-column870_0b6fb4-f0 > .kt-inside-inner-col > .aligncenter{width:100%;}.kadence-column870_0b6fb4-f0 > .kt-inside-inner-col:before{opacity:0.3;}.kadence-column870_0b6fb4-f0{position:relative;}@media all and (max-width: 1024px){.kadence-column870_0b6fb4-f0 > .kt-inside-inner-col{flex-direction:column;justify-content:center;}}@media all and (max-width: 767px){.kadence-column870_0b6fb4-f0 > .kt-inside-inner-col{flex-direction:column;justify-content:center;}}<\/style>\n<div class=\"wp-block-kadence-column kadence-column870_0b6fb4-f0\"><div class=\"kt-inside-inner-col\"><\/div><\/div>\n\n<\/div><\/div>\n\n\n<h2 class=\"wp-block-heading has-text-align-center\">Niveauregelventile<\/h2>\n\n\n<div class=\"wp-block-image\">\n<figure class=\"aligncenter size-large is-resized\"><img loading=\"lazy\" decoding=\"async\" width=\"1024\" height=\"877\" src=\"https:\/\/texerv.com\/wordpressdev\/wp-content\/uploads\/2024\/11\/Regelventil-1024x877.jpg\" alt=\"\" class=\"wp-image-1368\" style=\"width:250px\" srcset=\"https:\/\/www.texerv.com\/wordpressdev\/wp-content\/uploads\/2024\/11\/Regelventil-1024x877.jpg 1024w, https:\/\/www.texerv.com\/wordpressdev\/wp-content\/uploads\/2024\/11\/Regelventil-300x257.jpg 300w, https:\/\/www.texerv.com\/wordpressdev\/wp-content\/uploads\/2024\/11\/Regelventil-768x658.jpg 768w, https:\/\/www.texerv.com\/wordpressdev\/wp-content\/uploads\/2024\/11\/Regelventil-1536x1315.jpg 1536w, https:\/\/www.texerv.com\/wordpressdev\/wp-content\/uploads\/2024\/11\/Regelventil.jpg 1907w\" sizes=\"auto, (max-width: 1024px) 100vw, 1024px\" \/><\/figure>\n<\/div>\n\n\n<p style=\"margin-right:var(--wp--preset--spacing--60);margin-left:var(--wp--preset--spacing--60)\">Absinkendes Fahrzeugheck beim Parken und \u00d6lverlust k\u00f6nnen von einem defekten Niveauregelventil verursacht werden.<\/p>\n\n\n\n<p class=\"has-text-align-left\" style=\"margin-right:var(--wp--preset--spacing--60);margin-left:var(--wp--preset--spacing--60)\">Niveauregelventile funktionieren recht zuverl\u00e4ssig. Dennoch k\u00f6nnen durch defekte Federspeicher und auch Korrosion Probleme wie Leckagen auftreten. Eine Reparatur ist dann in vielen F\u00e4llen m\u00f6glich. Die h\u00e4ufigste Ursache f\u00fcr Fehlfunktionen ist jedoch auf unsachgem\u00e4\u00dfe Manipulationen an der Einstellung des Regelgest\u00e4nges zur\u00fcckzuf\u00fchren. Wenn wegen&nbsp;<a href=\"https:\/\/texerv.com\/wordpressdev\/niveaufederspeicher\/\">defekter Federspeicher<\/a>&nbsp;das Heck zu hoch steht, wird h\u00e4ufig vermutet, dass die Einstellung des H\u00f6henregelventils die Ursache ist. Das ist aber so gut wie nie der Fall. In aller Regel liegt das an defekten oder verschlissenen Federspeichern. In F\u00e4llen, in denen das Niveau eindeutig nicht stimmt, ist zwar zu pr\u00fcfen, ob die Regelstange eventuell gebrochen oder ausgeh\u00e4ngt ist. Meistens ist das jedoch nicht der Fall. Dann sollte nichts an der Einstellung ge\u00e4ndert werden. Auf gar keinen Fall sollte der Anlenkhebel am Niveauregelventil von der Welle gel\u00f6st oder gar abgebaut werden. Das erschwert die korrekte Grundeinstellung des Ventils im Falle einer notwendigen Reparatur ganz erheblich. Und auch die richtige Fahrwerksh\u00f6he l\u00e4sst sich dann nur noch sehr schwer oder gar nicht mehr einstellen.<\/p>\n\n\n\n<p><\/p>\n","protected":false},"excerpt":{"rendered":"<p>Niveauregelventile Absinkendes Fahrzeugheck beim Parken und \u00d6lverlust k\u00f6nnen von einem defekten Niveauregelventil verursacht werden. Niveauregelventile funktionieren recht zuverl\u00e4ssig. Dennoch k\u00f6nnen durch defekte Federspeicher und auch Korrosion Probleme wie Leckagen auftreten. Eine Reparatur ist dann in vielen F\u00e4llen m\u00f6glich. Die h\u00e4ufigste Ursache f\u00fcr Fehlfunktionen ist jedoch auf unsachgem\u00e4\u00dfe Manipulationen an der Einstellung des Regelgest\u00e4nges zur\u00fcckzuf\u00fchren. Wenn&#8230;<\/p>\n","protected":false},"author":1,"featured_media":0,"parent":0,"menu_order":0,"comment_status":"closed","ping_status":"closed","template":"","meta":{"_kadence_starter_templates_imported_post":false,"_kad_post_transparent":"","_kad_post_title":"","_kad_post_layout":"","_kad_post_sidebar_id":"","_kad_post_content_style":"","_kad_post_vertical_padding":"","_kad_post_feature":"","_kad_post_feature_position":"","_kad_post_header":false,"_kad_post_footer":false,"_kad_post_classname":"","footnotes":""},"class_list":["post-870","page","type-page","status-publish","hentry"],"yoast_head":"<!-- This site is optimized with the Yoast SEO plugin v27.4 - https:\/\/yoast.com\/product\/yoast-seo-wordpress\/ -->\n<title>Niveauregelventile - www.texerv.com<\/title>\n<meta name=\"description\" content=\"Absinkendes Fahrzeugheck beim Parken und \u00d6lverlust k\u00f6nnen von einem defekten Niveauregelventil verursacht werden.\" \/>\n<meta name=\"robots\" content=\"index, follow, max-snippet:-1, max-image-preview:large, max-video-preview:-1\" \/>\n<link rel=\"canonical\" href=\"https:\/\/www.texerv.com\/wordpressdev\/niveauregelventile\/\" \/>\n<meta property=\"og:locale\" content=\"de_DE\" \/>\n<meta property=\"og:type\" content=\"article\" \/>\n<meta property=\"og:title\" content=\"Niveauregelventile - www.texerv.com\" \/>\n<meta property=\"og:description\" content=\"Absinkendes Fahrzeugheck beim Parken und \u00d6lverlust k\u00f6nnen von einem defekten Niveauregelventil verursacht werden.\" \/>\n<meta property=\"og:url\" content=\"https:\/\/www.texerv.com\/wordpressdev\/niveauregelventile\/\" \/>\n<meta property=\"og:site_name\" content=\"www.texerv.com\" \/>\n<meta property=\"article:modified_time\" content=\"2024-11-13T09:38:39+00:00\" \/>\n<meta property=\"og:image\" content=\"https:\/\/texerv.com\/wordpressdev\/wp-content\/uploads\/2024\/11\/Regelventil-1024x877.jpg\" \/>\n<meta name=\"twitter:card\" content=\"summary_large_image\" \/>\n<meta name=\"twitter:label1\" content=\"Gesch\u00e4tzte Lesezeit\" \/>\n\t<meta name=\"twitter:data1\" content=\"2\u00a0Minuten\" \/>\n<script type=\"application\/ld+json\" class=\"yoast-schema-graph\">{\"@context\":\"https:\\\/\\\/schema.org\",\"@graph\":[{\"@type\":\"WebPage\",\"@id\":\"https:\\\/\\\/www.texerv.com\\\/wordpressdev\\\/niveauregelventile\\\/\",\"url\":\"https:\\\/\\\/www.texerv.com\\\/wordpressdev\\\/niveauregelventile\\\/\",\"name\":\"Niveauregelventile - www.texerv.com\",\"isPartOf\":{\"@id\":\"https:\\\/\\\/www.texerv.com\\\/wordpressdev\\\/#website\"},\"primaryImageOfPage\":{\"@id\":\"https:\\\/\\\/www.texerv.com\\\/wordpressdev\\\/niveauregelventile\\\/#primaryimage\"},\"image\":{\"@id\":\"https:\\\/\\\/www.texerv.com\\\/wordpressdev\\\/niveauregelventile\\\/#primaryimage\"},\"thumbnailUrl\":\"https:\\\/\\\/texerv.com\\\/wordpressdev\\\/wp-content\\\/uploads\\\/2024\\\/11\\\/Regelventil-1024x877.jpg\",\"datePublished\":\"2024-10-08T14:16:15+00:00\",\"dateModified\":\"2024-11-13T09:38:39+00:00\",\"description\":\"Absinkendes Fahrzeugheck beim Parken und \u00d6lverlust k\u00f6nnen von einem defekten Niveauregelventil verursacht werden.\",\"breadcrumb\":{\"@id\":\"https:\\\/\\\/www.texerv.com\\\/wordpressdev\\\/niveauregelventile\\\/#breadcrumb\"},\"inLanguage\":\"de\",\"potentialAction\":[{\"@type\":\"ReadAction\",\"target\":[\"https:\\\/\\\/www.texerv.com\\\/wordpressdev\\\/niveauregelventile\\\/\"]}]},{\"@type\":\"ImageObject\",\"inLanguage\":\"de\",\"@id\":\"https:\\\/\\\/www.texerv.com\\\/wordpressdev\\\/niveauregelventile\\\/#primaryimage\",\"url\":\"https:\\\/\\\/texerv.com\\\/wordpressdev\\\/wp-content\\\/uploads\\\/2024\\\/11\\\/Regelventil-1024x877.jpg\",\"contentUrl\":\"https:\\\/\\\/texerv.com\\\/wordpressdev\\\/wp-content\\\/uploads\\\/2024\\\/11\\\/Regelventil-1024x877.jpg\"},{\"@type\":\"BreadcrumbList\",\"@id\":\"https:\\\/\\\/www.texerv.com\\\/wordpressdev\\\/niveauregelventile\\\/#breadcrumb\",\"itemListElement\":[{\"@type\":\"ListItem\",\"position\":1,\"name\":\"Startseite\",\"item\":\"https:\\\/\\\/www.texerv.com\\\/wordpressdev\\\/\"},{\"@type\":\"ListItem\",\"position\":2,\"name\":\"Niveauregelventile\"}]},{\"@type\":\"WebSite\",\"@id\":\"https:\\\/\\\/www.texerv.com\\\/wordpressdev\\\/#website\",\"url\":\"https:\\\/\\\/www.texerv.com\\\/wordpressdev\\\/\",\"name\":\"www.texerv.com\",\"description\":\"\",\"publisher\":{\"@id\":\"https:\\\/\\\/www.texerv.com\\\/wordpressdev\\\/#organization\"},\"potentialAction\":[{\"@type\":\"SearchAction\",\"target\":{\"@type\":\"EntryPoint\",\"urlTemplate\":\"https:\\\/\\\/www.texerv.com\\\/wordpressdev\\\/?s={search_term_string}\"},\"query-input\":{\"@type\":\"PropertyValueSpecification\",\"valueRequired\":true,\"valueName\":\"search_term_string\"}}],\"inLanguage\":\"de\"},{\"@type\":\"Organization\",\"@id\":\"https:\\\/\\\/www.texerv.com\\\/wordpressdev\\\/#organization\",\"name\":\"www.texerv.com\",\"url\":\"https:\\\/\\\/www.texerv.com\\\/wordpressdev\\\/\",\"logo\":{\"@type\":\"ImageObject\",\"inLanguage\":\"de\",\"@id\":\"https:\\\/\\\/www.texerv.com\\\/wordpressdev\\\/#\\\/schema\\\/logo\\\/image\\\/\",\"url\":\"https:\\\/\\\/www.texerv.com\\\/wordpressdev\\\/wp-content\\\/uploads\\\/2024\\\/10\\\/cropped-2zahnr.jpg\",\"contentUrl\":\"https:\\\/\\\/www.texerv.com\\\/wordpressdev\\\/wp-content\\\/uploads\\\/2024\\\/10\\\/cropped-2zahnr.jpg\",\"width\":150,\"height\":142,\"caption\":\"www.texerv.com\"},\"image\":{\"@id\":\"https:\\\/\\\/www.texerv.com\\\/wordpressdev\\\/#\\\/schema\\\/logo\\\/image\\\/\"}}]}<\/script>\n<!-- \/ Yoast SEO plugin. -->","yoast_head_json":{"title":"Niveauregelventile - www.texerv.com","description":"Absinkendes Fahrzeugheck beim Parken und \u00d6lverlust k\u00f6nnen von einem defekten Niveauregelventil verursacht werden.","robots":{"index":"index","follow":"follow","max-snippet":"max-snippet:-1","max-image-preview":"max-image-preview:large","max-video-preview":"max-video-preview:-1"},"canonical":"https:\/\/www.texerv.com\/wordpressdev\/niveauregelventile\/","og_locale":"de_DE","og_type":"article","og_title":"Niveauregelventile - www.texerv.com","og_description":"Absinkendes Fahrzeugheck beim Parken und \u00d6lverlust k\u00f6nnen von einem defekten Niveauregelventil verursacht werden.","og_url":"https:\/\/www.texerv.com\/wordpressdev\/niveauregelventile\/","og_site_name":"www.texerv.com","article_modified_time":"2024-11-13T09:38:39+00:00","og_image":[{"url":"https:\/\/texerv.com\/wordpressdev\/wp-content\/uploads\/2024\/11\/Regelventil-1024x877.jpg","type":"","width":"","height":""}],"twitter_card":"summary_large_image","twitter_misc":{"Gesch\u00e4tzte Lesezeit":"2\u00a0Minuten"},"schema":{"@context":"https:\/\/schema.org","@graph":[{"@type":"WebPage","@id":"https:\/\/www.texerv.com\/wordpressdev\/niveauregelventile\/","url":"https:\/\/www.texerv.com\/wordpressdev\/niveauregelventile\/","name":"Niveauregelventile - www.texerv.com","isPartOf":{"@id":"https:\/\/www.texerv.com\/wordpressdev\/#website"},"primaryImageOfPage":{"@id":"https:\/\/www.texerv.com\/wordpressdev\/niveauregelventile\/#primaryimage"},"image":{"@id":"https:\/\/www.texerv.com\/wordpressdev\/niveauregelventile\/#primaryimage"},"thumbnailUrl":"https:\/\/texerv.com\/wordpressdev\/wp-content\/uploads\/2024\/11\/Regelventil-1024x877.jpg","datePublished":"2024-10-08T14:16:15+00:00","dateModified":"2024-11-13T09:38:39+00:00","description":"Absinkendes Fahrzeugheck beim Parken und \u00d6lverlust k\u00f6nnen von einem defekten Niveauregelventil verursacht werden.","breadcrumb":{"@id":"https:\/\/www.texerv.com\/wordpressdev\/niveauregelventile\/#breadcrumb"},"inLanguage":"de","potentialAction":[{"@type":"ReadAction","target":["https:\/\/www.texerv.com\/wordpressdev\/niveauregelventile\/"]}]},{"@type":"ImageObject","inLanguage":"de","@id":"https:\/\/www.texerv.com\/wordpressdev\/niveauregelventile\/#primaryimage","url":"https:\/\/texerv.com\/wordpressdev\/wp-content\/uploads\/2024\/11\/Regelventil-1024x877.jpg","contentUrl":"https:\/\/texerv.com\/wordpressdev\/wp-content\/uploads\/2024\/11\/Regelventil-1024x877.jpg"},{"@type":"BreadcrumbList","@id":"https:\/\/www.texerv.com\/wordpressdev\/niveauregelventile\/#breadcrumb","itemListElement":[{"@type":"ListItem","position":1,"name":"Startseite","item":"https:\/\/www.texerv.com\/wordpressdev\/"},{"@type":"ListItem","position":2,"name":"Niveauregelventile"}]},{"@type":"WebSite","@id":"https:\/\/www.texerv.com\/wordpressdev\/#website","url":"https:\/\/www.texerv.com\/wordpressdev\/","name":"www.texerv.com","description":"","publisher":{"@id":"https:\/\/www.texerv.com\/wordpressdev\/#organization"},"potentialAction":[{"@type":"SearchAction","target":{"@type":"EntryPoint","urlTemplate":"https:\/\/www.texerv.com\/wordpressdev\/?s={search_term_string}"},"query-input":{"@type":"PropertyValueSpecification","valueRequired":true,"valueName":"search_term_string"}}],"inLanguage":"de"},{"@type":"Organization","@id":"https:\/\/www.texerv.com\/wordpressdev\/#organization","name":"www.texerv.com","url":"https:\/\/www.texerv.com\/wordpressdev\/","logo":{"@type":"ImageObject","inLanguage":"de","@id":"https:\/\/www.texerv.com\/wordpressdev\/#\/schema\/logo\/image\/","url":"https:\/\/www.texerv.com\/wordpressdev\/wp-content\/uploads\/2024\/10\/cropped-2zahnr.jpg","contentUrl":"https:\/\/www.texerv.com\/wordpressdev\/wp-content\/uploads\/2024\/10\/cropped-2zahnr.jpg","width":150,"height":142,"caption":"www.texerv.com"},"image":{"@id":"https:\/\/www.texerv.com\/wordpressdev\/#\/schema\/logo\/image\/"}}]}},"_links":{"self":[{"href":"https:\/\/www.texerv.com\/wordpressdev\/wp-json\/wp\/v2\/pages\/870","targetHints":{"allow":["GET"]}}],"collection":[{"href":"https:\/\/www.texerv.com\/wordpressdev\/wp-json\/wp\/v2\/pages"}],"about":[{"href":"https:\/\/www.texerv.com\/wordpressdev\/wp-json\/wp\/v2\/types\/page"}],"author":[{"embeddable":true,"href":"https:\/\/www.texerv.com\/wordpressdev\/wp-json\/wp\/v2\/users\/1"}],"replies":[{"embeddable":true,"href":"https:\/\/www.texerv.com\/wordpressdev\/wp-json\/wp\/v2\/comments?post=870"}],"version-history":[{"count":12,"href":"https:\/\/www.texerv.com\/wordpressdev\/wp-json\/wp\/v2\/pages\/870\/revisions"}],"predecessor-version":[{"id":1371,"href":"https:\/\/www.texerv.com\/wordpressdev\/wp-json\/wp\/v2\/pages\/870\/revisions\/1371"}],"wp:attachment":[{"href":"https:\/\/www.texerv.com\/wordpressdev\/wp-json\/wp\/v2\/media?parent=870"}],"curies":[{"name":"wp","href":"https:\/\/api.w.org\/{rel}","templated":true}]}}